{"id":182,"date":"2009-04-18T19:38:29","date_gmt":"2009-04-18T23:38:29","guid":{"rendered":"http:\/\/biomel.no-ip.org\/wordpress\/?page_id=182"},"modified":"2010-08-19T23:34:20","modified_gmt":"2010-08-20T03:34:20","slug":"career","status":"publish","type":"page","link":"https:\/\/www.biomelsante.com\/en\/career\/","title":{"rendered":"Career"},"content":{"rendered":"<div>\n<p style=\"padding-left: 30px; text-align: center;\"><span style=\"font-size: 14pt;\"><strong><br \/>\n\u00ab\u00a0OFFRE d&rsquo;EMPLOI et TRAVAIL \u00c0 DOMICILE\u00a0\u00bb<\/strong><\/span>\n<\/p>\n<p style=\"text-align: center;\"><strong><span style=\"color: #ff6600; font-family: arial; font-size: 10pt;\">CETTE D\u00c9CISION PEUT CHANGER VOTRE VIE!<\/span><\/strong><\/p>\n<p style=\"text-align: center;\"><span style=\"font-family: Verdana;\"><span style=\"color: #666666;\"><span style=\"color: #000000; font-family: arial;\"><strong>Montr\u00e9al &#8211; Laval &#8211; Banlieue &#8211; Qu\u00e9bec &#8211; Canada &#8211; Usa       et plus<\/strong><\/span><\/span><\/span><strong> <\/strong><\/p>\n<div style=\"text-align: center;\"><img loading=\"lazy\" src=\"http:\/\/www.centre-marketing-internet.com\/images\/cmi_montreal.jpg\" border=\"0\" alt=\"\" width=\"166\" height=\"113\" \/><img loading=\"lazy\" src=\"http:\/\/www.centre-marketing-internet.com\/images\/cmi_quebec.jpg\" border=\"0\" alt=\"\" width=\"166\" height=\"113\" \/> <img loading=\"lazy\" src=\"http:\/\/img.over-blog.com\/150x113\/0\/35\/51\/24\/\/images-copie-copie-1.jpg\" alt=\"\" width=\"150\" height=\"113\" \/><\/div>\n<p style=\"text-align: center;\"><strong><span style=\"color: #666699; font-family: Arial; font-size: 8pt;\"><span style=\"color: #808000;\"><span style=\"color: #ff6600; font-family: Verdana;\"><span style=\"font-family: arial;\">CANADA -USA<\/span> <span style=\"font-family: arial;\">-MEXIQUE -AUSTRALIE -NOUVELLE Z\u00c9LANDE -SINGAPOUR -JAPON-<\/span><\/span><\/span><\/span> <span style=\"color: #ff6600; font-family: arial; font-size: 8pt;\">CHINE -COR\u00c9E -ROYAUME UNI -IRLANDE-PAYS BAS -JAMAIQUE -BAHAMAS<\/span><\/strong><strong><span style=\"font-size: 10pt; color: #ff6600; font-family: Verdana;\"><br \/>\n<\/span><\/strong><\/p>\n<p><strong><script type=\"text\/javascript\">\/\/ < ![CDATA[\n\/\/ < ![CDATA[\ngoogle_ad_client = \"pub-7360533728901622\";\n\/* 336x280, date de cr\u00e9ation 02\/06\/08 *\/\ngoogle_ad_slot = \"8587766966\";\ngoogle_ad_width = 336;\ngoogle_ad_height = 280;\n\/\/ ]]><\/script><script src=\"http:\/\/localhost\/show_ads.js\" type=\"text\/javascript\">\n<\/script><\/strong>\n<\/p>\n<p style=\"text-align: center;\"><span style=\"color: #ff6600;\"><br \/>\n<\/span>\n<\/p>\n<p style=\"text-align: center;\"><span style=\"color: #000000; font-family: arial; font-size: 12pt;\"><strong>Besoin d&rsquo;un revenu suppl\u00e9mentaire?<\/strong><\/span><\/p>\n<p style=\"text-align: left;\"><span style=\"font-family: Verdana;\"><span style=\"color: #666666;\"><strong><br \/>\n<\/strong><\/span><\/span><span style=\"color: #000000; font-family: arial;\"><span style=\"font-size: 14pt;\"><strong><span style=\"color: #ff6600;\">B<\/span><\/strong><\/span><span style=\"font-size: 10pt;\">ienvenue dans l&rsquo;entreprise de la Sant\u00e9 et du Mieux-\u00eatre offrant la plus puissante       <strong>opportunit\u00e9 d&rsquo;affaire<\/strong><br \/>\npour particuliers au monde.<\/span><\/span><span style=\"color: #000000; font-family: arial; font-size: 10pt;\"><span style=\"font-size: 14pt;\"><strong><span style=\"color: #ff6600;\"> <\/span><\/strong><\/span><\/span><\/p>\n<p style=\"text-align: left;\"><span style=\"color: #000000; font-family: arial; font-size: 10pt;\"><span style=\"font-size: 14pt;\"><strong><span style=\"color: #ff6600;\">V<\/span><\/strong><\/span>ous voulez en savoir plus sur cette       opportunit\u00e9 unique et profiter de cette incroyable engouement pour l\u2019industrie du Mieux-\u00eatre.<\/span><span style=\"color: #000000; font-family: arial; font-size: 10pt;\"><span style=\"font-size: 14pt;\"><strong><span style=\"color: #ff6600;\"><br \/>\nV<\/span><\/strong><\/span>ous avez le d\u00e9sir de prendre en mains votre       avenir et mettre toutes les chances de succ\u00e8s de votre cot\u00e9.<\/span><span style=\"color: #000000; font-family: arial;\"><span style=\"font-size: 14pt;\"><strong><span style=\"color: #ff6600;\"><br \/>\nN<\/span><\/strong><\/span><span style=\"font-size: 10pt;\">ous       recherchons des<\/span><\/span> <span style=\"font-size: 10pt;\"><span style=\"color: #000000; font-family: arial;\">conseillers ind\u00e9pendants<\/span> <span style=\"color: #000000; font-family: arial;\">sensible \u00e0 leur sant\u00e9 et celle des autres, l&rsquo;\u00e9cologie et <span style=\"color: #ff6600;\"><span style=\"color: #000000;\">l&rsquo;environnement.<\/span><strong><br \/>\n<span style=\"font-size: 14pt;\">O<\/span><\/strong><\/span>ffre temps plein ou partiel<\/span> <span style=\"color: #000000; font-family: arial;\">dans le domaine de la Sant\u00e9 et du       Mieux-\u00eatre.<br \/>\n<span style=\"color: #ff6600;\"><span style=\"font-size: large;\"><strong>C<\/strong><\/span><\/span>arri\u00e8re importante.<\/span><\/span><span style=\"font-family: Verdana;\"><span style=\"color: #666666;\"><span style=\"color: #000000; font-family: arial;\">Formation<\/span><\/span><\/span><br \/>\n<span style=\"font-family: Verdana;\"><span style=\"color: #666666;\"><span style=\"color: #000000; font-family: arial;\"><br \/>\n<\/span><\/span><\/span><span style=\"font-family: Verdana;\"><span style=\"color: #666666;\"><span style=\"color: #000000; font-family: arial;\"> <\/span><\/span><\/span><\/p>\n<p style=\"text-align: center;\"><span style=\"font-family: tahoma; font-size: 10pt;\"><span style=\"font-family: georgia,palatino;\"><span style=\"font-size: medium;\"><span style=\"color: #000000;\"><strong>Monique Toubeix<\/strong><\/span><em><span style=\"color: #000000;\"><br \/>\n<\/span><\/em><span style=\"color: #000000;\"><strong>514-792-0281<\/strong><\/span><br \/>\n<span style=\"color: #000000;\">ou<\/span><\/span><\/span><br \/>\n<\/span><\/p>\n<div style=\"text-align: center;\"><strong><a title=\"EMAIL\" href=\"http:\/\/ann.over-blog.com\/blog-contact.php?ref=355124\" target=\"_blank\"><span style=\"font-size: 12pt;\"><span style=\"color: #ff6600;\"><strong>OK \u00c7a       m&rsquo;int\u00e9resse<\/strong><\/span><\/span><\/a><\/strong><br \/>\n<strong><a title=\"EMAIL\" href=\"http:\/\/ann.over-blog.com\/blog-contact.php?ref=355124\" target=\"_blank\"><span style=\"font-size: 12pt;\"><span style=\"color: #ff6600;\"><strong>R\u00e9servez votre place       ici!<\/p>\n<p><\/strong><\/span><\/span><\/a><\/strong><\/div>\n<table style=\"width: 737px; height: 651px;\" border=\"0\" cellspacing=\"0\" cellpadding=\"0\">\n<tbody style=\"text-align: left;\">\n<tr style=\"text-align: left;\" height=\"20\">\n<td style=\"text-align: left;\" width=\"794\" height=\"20\">\n<div>\n<div>\n<div style=\"text-align: center;\"><strong><span style=\"color: #906e81; font-family: verdana; font-size: 10pt;\"><span style=\"font-family: arial;\"><span style=\"color: #000000;\"><span style=\"font-size: 14pt; color: #ff6600;\"><span style=\"font-size: 12pt;\">UNE VRAIE \u00ab\u00a0OPPORTUNIT\u00c9\u00a0\u00bb<\/span><\/span><\/span><\/span><\/span><\/strong><\/div>\n<p><strong><span style=\"color: #906e81; font-family: verdana; font-size: 10pt;\"><span style=\"font-family: arial;\"><span style=\"color: #000000;\"><br \/>\n<\/span><\/span><\/span><\/strong><\/p>\n<div style=\"text-align: left;\">\n<div style=\"text-align: center;\"><span style=\"color: #906e81; font-family: verdana; font-size: 10pt;\"><span style=\"font-family: arial;\"><span style=\"color: #000000;\">Cette opportunit\u00e9 toute simple vous permettra                     de b\u00e2tir une entreprise \u00e0 votre rythme,<\/span><\/span><\/span><br \/>\n<span style=\"color: #906e81; font-family: verdana; font-size: 10pt;\"><span style=\"font-family: arial;\"><span style=\"color: #000000;\">sans forc\u00e9ment quitter votre emploi                     actuel.<\/span><\/span><\/span><br \/>\n<span style=\"color: #906e81; font-family: verdana; font-size: 10pt;\"><span style=\"font-family: arial;\"><span style=\"color: #000000;\">Les possibilit\u00e9s de d\u00e9veloppement vont au-del\u00e0                     de toute imagination.<\/span><\/span><\/span><br \/>\n<span style=\"color: #906e81; font-family: verdana; font-size: 10pt;\"><span style=\"font-family: arial;\"><span style=\"color: #000000;\">Une entreprise \u00e0 revenu potentiel                     illimit\u00e9.<\/span><\/span><\/span><\/div>\n<\/div>\n<div style=\"text-align: center;\"><span style=\"color: #906e81; font-family: verdana; font-size: 10pt;\"><span style=\"font-family: arial;\"><span style=\"color: #000000;\"><span style=\"font-size: 12pt; color: #ff6600;\"><strong>C\u2019est vous qui fixez les limites !<\/strong><\/span><\/span><\/span><\/span><\/div>\n<p><span style=\"color: #906e81; font-family: verdana; font-size: 10pt;\"><span style=\"font-family: arial;\"><span style=\"color: #000000;\"><br \/>\n<\/span><\/span><\/span><\/div>\n<\/div>\n<div style=\"text-align: right;\">\n<table id=\"table8\" style=\"border-collapse: collapse; text-align: left; width: 727px; height: 318px;\" border=\"0\" cellpadding=\"0\">\n<tbody style=\"text-align: left;\">\n<tr style=\"text-align: left;\">\n<td style=\"text-align: left;\" width=\"10%\" valign=\"top\">\n<p style=\"text-align: center;\"><span style=\"color: #ff6600; font-family: Times New Roman;\">\u25ba<\/span><\/p>\n<\/td>\n<td style=\"text-align: left;\" width=\"90%\"><span style=\"font-size: 10pt;\"><span style=\"color: #000000; font-family: arial;\">Pr\u00e9sente dans 14 pays dont les \u00c9tats-Unis, le Canada, l\u2019Angleterre, l\u2019Irlande, Hong Kong,Ta\u00efwan,                       le Japon, la Cor\u00e9e, la Nouvelle-Z\u00e9lande, l\u2019Australie, Puerto Rico, la Hollande et Singapour.<\/span><\/span><\/td>\n<\/tr>\n<tr style=\"text-align: left;\">\n<td style=\"text-align: left;\" width=\"10%\" valign=\"top\"><span style=\"font-size: 8pt;\"> <\/span><\/td>\n<td style=\"text-align: left;\" width=\"90%\"><span style=\"font-size: 10pt;\"><span style=\"font-family: verdana;\"> <\/span><\/span><\/td>\n<\/tr>\n<tr style=\"text-align: left;\">\n<td style=\"text-align: left;\" width=\"10%\" valign=\"top\">\n<p style=\"text-align: center;\"><span style=\"font-size: 8pt;\"><span style=\"color: #ff6600; font-family: Times New Roman;\">\u25ba<\/span><\/span><\/p>\n<\/td>\n<td style=\"text-align: left;\" width=\"90%\"><span style=\"font-size: 10pt;\"><span style=\"color: #000000; font-family: arial;\">Int\u00e9gr\u00e9e au panth\u00e9on du Inc 500 magazine comme \u00e9tant une des compagnies ayant la croissance la                       plus rapide, 5 ann\u00e9es cons\u00e9cutives.<\/span><\/span><\/td>\n<\/tr>\n<tr style=\"text-align: left;\">\n<td style=\"text-align: left;\" width=\"10%\" valign=\"top\"><span style=\"font-size: 8pt;\"> <\/span><\/td>\n<td style=\"text-align: left;\" width=\"90%\"><span style=\"font-size: 10pt;\"><span style=\"color: #000000; font-family: verdana;\"> <\/span><\/span><\/td>\n<\/tr>\n<tr style=\"text-align: left;\">\n<td style=\"text-align: left;\" width=\"10%\" valign=\"top\">\n<p style=\"text-align: center;\"><span style=\"font-size: 8pt;\"><span style=\"color: #ff6600; font-family: Times New Roman;\">\u25ba<\/span><\/span><\/p>\n<\/td>\n<td style=\"text-align: left;\" width=\"90%\"><span style=\"font-size: 10pt;\"><span style=\"color: #000000; font-family: arial;\">Son fondateur a \u00e9t\u00e9 nomm\u00e9 Entrepreneur de l\u2019Ann\u00e9e par CNN, USA Today et Ernst &amp; Young et il                       est vice-pr\u00e9sident r\u00e9<\/span><span style=\"color: #000000; font-family: arial;\">gional de la Chambre de Commerce des \u00c9tats-Unis.<\/span><\/span><\/td>\n<\/tr>\n<tr style=\"text-align: left;\">\n<td style=\"text-align: left;\" width=\"10%\" valign=\"top\"><span style=\"font-size: 8pt;\"> <\/span><\/td>\n<td style=\"text-align: left;\" width=\"90%\"><span style=\"font-size: 10pt;\"><span style=\"color: #000000; font-family: verdana;\"> <\/span><\/span><\/td>\n<\/tr>\n<tr style=\"text-align: left;\">\n<td style=\"text-align: left;\" width=\"10%\" valign=\"top\">\n<p style=\"text-align: center;\"><span style=\"font-size: 8pt;\"><span style=\"color: #ff6600;\"><strong><span style=\"font-family: Times New Roman;\">\u25ba<\/span><\/strong><\/span><\/span><\/p>\n<\/td>\n<td style=\"text-align: left;\" width=\"90%\"><span style=\"font-size: 10pt;\"><span style=\"color: #000000; font-family: arial;\">Un taux de renouvellement des commandes de 95%.<\/span><\/span><\/td>\n<\/tr>\n<tr style=\"text-align: left;\">\n<td style=\"text-align: left;\" width=\"10%\" valign=\"top\"><span style=\"font-size: 8pt;\"> <\/span><\/td>\n<td style=\"text-align: left;\" width=\"90%\"><span style=\"font-size: 10pt;\"><span style=\"color: #000000; font-family: verdana;\"> <\/span><\/span><\/td>\n<\/tr>\n<tr style=\"text-align: left;\">\n<td style=\"text-align: left;\" width=\"10%\" valign=\"top\">\n<p style=\"text-align: center;\"><span style=\"font-size: 8pt;\"><span style=\"color: #ff6600; font-family: Times New Roman;\">\u25ba<\/span><\/span><\/p>\n<\/td>\n<td style=\"text-align: left;\" width=\"90%\"><span style=\"font-size: 10pt;\"><span style=\"color: #000000; font-family: arial;\">Aucun emplacement ou commerce \u00e0 acheter; aucun investissement, aucune livraison et aucune                       garanties personnelles.<br \/>\n<\/span><\/span><\/td>\n<\/tr>\n<\/tbody>\n<\/table>\n<\/div>\n<div><span style=\"font-size: 10pt;\"> <\/span><\/p>\n<div>\n<div style=\"text-align: center;\"><a href=\"http:\/\/m.ruet.free.fr\/SansTitre_0002.wmv\"><span style=\"font-size: 10pt;\"> <\/span><\/a><\/div>\n<\/div>\n<div style=\"text-align: center;\"><a href=\"http:\/\/m.ruet.free.fr\/SansTitre_0002.wmv\"> <img loading=\"lazy\" src=\"http:\/\/img.over-blog.com\/56x56\/0\/35\/51\/24\/\/fichier_avi__3D.PNG\" alt=\"\" width=\"56\" height=\"56\" \/> <\/a><\/div>\n<div style=\"text-align: center;\"><span style=\"font-size: 10pt;\"><strong><a href=\"http:\/\/m.ruet.free.fr\/SansTitre_0002.wmv\">Vid\u00e9o en Fran\u00e7ais<\/a> <\/strong><\/span><\/div>\n<\/div>\n<\/td>\n<\/tr>\n<\/tbody>\n<\/table>\n<p style=\"text-align: center;\"><span style=\"color: #000000;\"><span style=\"font-family: verdana,geneva;\"><strong><span style=\"font-size: 10pt;\">CONTACT<\/span><\/strong><\/span><\/span><\/p>\n<p style=\"text-align: center;\"><span style=\"font-family: tahoma; font-size: 10pt;\"><span style=\"color: #000000;\"><strong>Monique Toubeix<\/strong><\/span><em><span style=\"color: #000000;\"><br \/>\n<\/span><\/em><span style=\"color: #000000;\"><strong>514-792-0281<\/strong><\/span><br \/>\n<span style=\"color: #000000;\"><span style=\"font-size: 12pt;\">ou<\/span><\/span><br \/>\n<\/span><\/p>\n<div style=\"text-align: center;\"><span style=\"font-family: georgia,palatino;\"><strong><a title=\"EMAIL\" href=\"http:\/\/ann.over-blog.com\/blog-contact.php?ref=355124\" target=\"_blank\"><span style=\"font-size: 12pt;\"><span style=\"color: #ff6600;\"><strong>OK \u00c7a       m&rsquo;int\u00e9resse<\/strong><\/span><\/span><\/a><\/strong><br \/>\n<strong><a title=\"EMAIL\" href=\"http:\/\/ann.over-blog.com\/blog-contact.php?ref=355124\" target=\"_blank\"><span style=\"font-size: 12pt;\"><span style=\"color: #ff6600;\"><strong>R\u00e9servez votre place       ici!<\/strong><\/span><\/span><\/a><\/strong><\/span><\/div>\n<\/p>\n<p style=\"text-align: center;\"><span style=\"font-family: georgia,palatino;\"><span style=\"color: #ff6600; font-size: 12pt;\"><strong><span style=\"color: #000000;\"><span style=\"color: #ff6600;\">Assistez sans engagement<\/span><\/span> <span style=\"font-size: 12pt;\"><span style=\"color: #ff6600;\">\u00e0 l&rsquo;une de nos \u00ab Web Pr\u00e9sentations \u00bb <\/span><br \/>\nCompl\u00e9ter le formulaire ci-dessus en indiquant la date d\u00e9sir\u00e9e.<\/span><\/strong><\/span><\/span><\/p>\n<p style=\"text-align: center;\"><a href=\"http:\/\/ann.over-blog.com\/blog-contact.php?ref=355124\" target=\"_blank\"><img loading=\"lazy\" style=\"margin-bottom: 5px; margin-left: 5px; text-align: right;\" src=\"http:\/\/www.opportunite-daffaire.com\/upload\/image\/librairie\/pict1.jpg\" border=\"0\" alt=\"\" width=\"198\" height=\"185\" \/><\/a><a href=\"http:\/\/webmeeting.dimdim.com\/dimdim\/GetJoinConferenceForm.action?confKey=biomelteam\"><br \/>\n<\/a><\/p>\n<div>\n<h4 style=\"margin: 1px 12px; text-align: center;\"><span style=\"font-size: small;\"><strong><span style=\"color: #ff6600; font-family: Arial;\"><span style=\"font-family: georgia,palatino;\">Pr\u00e9sentations WEB Internet gratuite<br \/>\nDirectement de votre domicile 7\/7 jours!<\/span> <\/span><\/strong><\/span><\/h4>\n<div style=\"text-align: center;\">\n<p style=\"text-align: center;\"><span style=\"font-size: small;\"><span style=\"font-family: tahoma;\"><span style=\"font-family: georgia,palatino;\"><span style=\"color: #000000;\"><strong>Monique Toubeix<\/strong><\/span><em><span style=\"color: #000000;\"><br \/>\n<\/span><\/em><span style=\"color: #000000;\"><strong>514-792-0281<\/strong><\/span><br \/>\n<span style=\"color: #000000;\">ou<\/span><\/span><br \/>\n<\/span><\/span><\/p>\n<div style=\"text-align: center;\"><span style=\"font-size: small;\"><strong><a title=\"EMAIL\" href=\"http:\/\/ann.over-blog.com\/blog-contact.php?ref=355124\" target=\"_blank\"><span style=\"color: #ff6600;\"><strong>OK \u00c7a           m&rsquo;int\u00e9resse<\/strong><\/span><\/a><\/strong><br \/>\n<strong><a title=\"EMAIL\" href=\"http:\/\/ann.over-blog.com\/blog-contact.php?ref=355124\" target=\"_blank\"><span style=\"color: #ff6600;\"><strong>R\u00e9servez votre place           ici!<\/strong><\/span><\/a><\/strong><\/span><\/div>\n<p><strong> <\/strong><\/p>\n<p><strong> <\/strong> Plus besoin de perdre du temps de d\u00e9placement, de chercher le lieu de la rencontre et de finalement trouver un stationnement avec Internet vous avez toujours le meilleur si\u00e8ge !<\/p>\n<\/div>\n<div style=\"text-align: center;\"><span style=\"color: #000000; font-family: Arial;\">V<strong>ous n&rsquo;avez aucunement besoin de t\u00e9l\u00e9charger un logiciel.<\/strong><\/span><br \/>\n<span style=\"color: #000000; font-family: Arial;\"><strong>La pr\u00e9sentation se fait directement sur une page web par pr\u00e9sentation Power point.<\/strong><strong> <\/strong><\/p>\n<p><\/span> <strong>Une fois branch\u00e9 via Internet vous pouvez voir, entendre et m\u00eame discuter avec nos experts !<\/strong><\/div>\n<div style=\"text-align: center;\">&#8212;&#8212;&#8212;&#8212;&#8212;&#8212;&#8212;&#8212;&#8212;&#8212;&#8212;&#8212;&#8212;&#8212;&#8212;&#8212;&#8212;&#8212;&#8212;&#8212;&#8212;&#8212;&#8212;&#8212;&#8212;&#8212;&#8212;&#8212;&#8212;&#8212;&#8212;&#8212;&#8212;&#8212;&#8212;&#8212;&#8211;<\/div>\n<\/div>\n<p style=\"margin: 1px 12px; text-align: center;\">\n<h6 style=\"margin: 1px 12px; text-align: center;\"><span style=\"font-size: 12pt;\"><strong><span style=\"color: #ff6600; font-family: Arial;\">N&rsquo;h\u00e9sitez plus!<br \/>\nC&rsquo;est une chance unique<\/span><\/strong><\/span><\/h6>\n<h6 style=\"margin: 1px 12px; text-align: center;\"><span style=\"font-size: 12pt;\"><strong><span style=\"color: #ff6600; font-family: Arial;\">d&rsquo;am\u00e9liorer votre sant\u00e9 physique et financi\u00e8re.<\/span><\/strong><\/span><\/h6>\n<p style=\"margin: 1px 12px; text-align: center;\"><span style=\"color: #303134; font-family: Arial;\">Cela ne vous engage absolument \u00e0 rien.<br \/>\nParticipez \u00e0 notre pr\u00e9sentation et nous ferons toute la lumi\u00e8re sur cette magnifique<br \/>\nopportunit\u00e9 de travail \u00e0 domicile.<\/span>\n<\/p>\n<p style=\"margin: 1px 12px; text-align: center;\">\n<p style=\"margin: 1px 12px; text-align: center;\"><span style=\"color: #303134; font-family: Arial;\"> Vous pourrez par la suite communiquer avec nous pour toutes questions.<br \/>\nVous aurez acc\u00e8s \u00e0 notre adresse ainsi qu&rsquo;\u00e0 notre num\u00e9ro de t\u00e9l\u00e9phone.<\/span>\n<\/p>\n<p style=\"margin: 1px 12px; text-align: left;\">\n<p style=\"text-align: center;\"><span style=\"font-family: tahoma; font-size: 10pt;\"><span style=\"color: #000000;\"><strong>Monique Toubeix<\/strong><\/span><em><span style=\"color: #000000;\"><br \/>\n<\/span><\/em><span style=\"color: #000000;\"><strong>514-792-0281<\/strong><\/span><br \/>\n<span style=\"color: #000000;\"><span style=\"font-size: 12pt;\">ou<\/span><\/span><br \/>\n<\/span><\/p>\n<div style=\"text-align: center;\"><strong><a title=\"EMAIL\" href=\"http:\/\/ann.over-blog.com\/blog-contact.php?ref=355124\" target=\"_blank\"><span style=\"font-size: 12pt;\"><span style=\"color: #ff6600;\"><strong>OK \u00c7a       m&rsquo;int\u00e9resse<\/strong><\/span><\/span><\/a><\/strong><br \/>\n<strong><a title=\"EMAIL\" href=\"http:\/\/ann.over-blog.com\/blog-contact.php?ref=355124\" target=\"_blank\"><span style=\"font-size: 12pt;\"><span style=\"color: #ff6600;\"><strong>R\u00e9servez votre place       ici!<\/strong><\/span><\/span><\/a><\/strong><\/div>\n<div style=\"text-align: center;\">\n<div style=\"text-align: center;\">\n<p style=\"margin: 1px 12px; text-align: center;\">\n<\/div>\n<\/div>\n<\/div>\n","protected":false},"excerpt":{"rendered":"<p>\u00ab\u00a0OFFRE d&rsquo;EMPLOI et TRAVAIL \u00c0 DOMICILE\u00a0\u00bb CETTE D\u00c9CISION PEUT CHANGER VOTRE VIE! Montr\u00e9al &#8211; Laval &#8211; Banlieue &#8211; Qu\u00e9bec &#8211; Canada &#8211; Usa et plus CANADA -USA -MEXIQUE -AUSTRALIE -NOUVELLE Z\u00c9LANDE -SINGAPOUR -JAPON- CHINE -COR\u00c9E -ROYAUME UNI -IRLANDE-PAYS BAS -JAMAIQUE -BAHAMAS Besoin d&rsquo;un revenu suppl\u00e9mentaire? Bienvenue dans l&rsquo;entreprise de la Sant\u00e9 et du Mieux-\u00eatre offrant &hellip; <\/p>\n<p><a class=\"more-link btn\" href=\"https:\/\/www.biomelsante.com\/en\/career\/\">Lire la suite<\/a><\/p>\n","protected":false},"author":3,"featured_media":0,"parent":0,"menu_order":2,"comment_status":"open","ping_status":"open","template":"","meta":[],"tags":[999,808,879,92,702,627,755,934,229,196,645,676,296,167,1004,91,16,188],"_links":{"self":[{"href":"https:\/\/www.biomelsante.com\/en\/wp-json\/wp\/v2\/pages\/182"}],"collection":[{"href":"https:\/\/www.biomelsante.com\/en\/wp-json\/wp\/v2\/pages"}],"about":[{"href":"https:\/\/www.biomelsante.com\/en\/wp-json\/wp\/v2\/types\/page"}],"author":[{"embeddable":true,"href":"https:\/\/www.biomelsante.com\/en\/wp-json\/wp\/v2\/users\/3"}],"replies":[{"embeddable":true,"href":"https:\/\/www.biomelsante.com\/en\/wp-json\/wp\/v2\/comments?post=182"}],"version-history":[{"count":20,"href":"https:\/\/www.biomelsante.com\/en\/wp-json\/wp\/v2\/pages\/182\/revisions"}],"predecessor-version":[{"id":1745,"href":"https:\/\/www.biomelsante.com\/en\/wp-json\/wp\/v2\/pages\/182\/revisions\/1745"}],"wp:attachment":[{"href":"https:\/\/www.biomelsante.com\/en\/wp-json\/wp\/v2\/media?parent=182"}],"wp:term":[{"taxonomy":"post_tag","embeddable":true,"href":"https:\/\/www.biomelsante.com\/en\/wp-json\/wp\/v2\/tags?post=182"}],"curies":[{"name":"wp","href":"https:\/\/api.w.org\/{rel}","templated":true}]}}